{"id":235,"date":"2023-12-03T13:15:21","date_gmt":"2023-12-03T12:15:21","guid":{"rendered":"https:\/\/gruposantommaso.es\/santa-rita\/?page_id=235"},"modified":"2023-12-03T13:15:21","modified_gmt":"2023-12-03T12:15:21","slug":"politica-de-cookies","status":"publish","type":"page","link":"https:\/\/gruposantommaso.es\/san-tommaso\/politica-de-cookies\/","title":{"rendered":"Pol\u00edtica de Cookies"},"content":{"rendered":"\n<p>En&nbsp;<a href=\"http:\/\/www.santommaso.es\/\" target=\"_blank\" rel=\"noreferrer noopener\">www.santommaso.es<\/a>&nbsp;utilizamos cookies para facilitar el uso de nuestra p\u00e1gina web. Las cookies son peque\u00f1os ficheros de informaci\u00f3n que nos permiten comparar y entender c\u00f3mo nuestros usuarios navegan a trav\u00e9s de nuestra<\/p>\n\n\n\n<p>p\u00e1gina web, y de esta manera poder mejorar consecuentemente el proceso de navegaci\u00f3n. Las cookies que utilizamos no almacenan dato personal alguno, ni ning\u00fan tipo de informaci\u00f3n que pueda identificarle. En caso de no querer recibir cookies, por favor configure su navegador de Internet para que las borre del disco duro de su ordenador, las bloquee o le avise en caso de instalaci\u00f3n de las mismas. Para continuar sin cambios en la configuraci\u00f3n de las cookies, simplemente contin\u00fae en la p\u00e1gina web. Puedes obtener m\u00e1s informaci\u00f3n sobre las cookies y su uso en&nbsp;<a href=\"http:\/\/www.aboutcookies.org\/\" target=\"_blank\" rel=\"noreferrer noopener\">www.aboutcookies.org<\/a>.<\/p>\n\n\n\n<h3 class=\"wp-block-heading\">Los tipos de cookies que utilizamos<\/h3>\n\n\n\n<h4 class=\"wp-block-heading\">Cookies estrictamente necesarias:<\/h4>\n\n\n\n<p>Estas cookies son necesarias para el correcto uso de lap\u00e1gina web, permitiendo el acceso a secciones que cuentancon filtros de seguridad.Sin estas cookies, muchos de los servicios disponibles noestar\u00edan operativos.<\/p>\n\n\n\n<h4 class=\"wp-block-heading\">Cookies de Navegaci\u00f3n:<\/h4>\n\n\n\n<p>Estas cookies recogen informaci\u00f3n sobre el uso que lasvisitas hacen de la web, por ejemplo p\u00e1ginas vistas,errores de carga &#8230;Es informaci\u00f3n gen\u00e9rica y an\u00f3nima, donde no se incluyen<\/p>\n\n\n\n<p>datos personales, ni se recoge informaci\u00f3n que identifiquea los visitantes; siendo el objetivo \u00faltimo mejorar elfuncionamiento de la web. Al visitar nuestra p\u00e1gina web, acepta la instalaci\u00f3n de estas cookies en su dispositivo.<\/p>\n\n\n\n<h4 class=\"wp-block-heading\">Cookies Funcionales:<\/h4>\n\n\n\n<p>Estas cookies permiten recordar informaci\u00f3n (como su nombre de usuario, idioma o la regi\u00f3n en la que se encuentra) y caracter\u00edsticas m\u00e1s per- sonales. Por ejemplo, la posibilidad de ofrecer contenido personalizado basado en la informaci\u00f3n y criterios que hayas proporcionado voluntariamente. Estas cookies tambi\u00e9n pueden utilizarse para recordar los cambios realizados en el tama\u00f1o del texto, fuentes y otras partes personaliza- bles de la p\u00e1gina web. Tambi\u00e9n se utilizan para ofrecer algunos servicios solicitados, como ver un video o comentar en un blog. La informaci\u00f3n que recopilan estas cookies puede ser an\u00f3nima y no podr\u00e1 ser seguida su actividad en otras p\u00e1ginas web. Al visitar nuestra p\u00e1gina web, aceptas la instalaci\u00f3n de estas cookies en tu dispositivo.<\/p>\n\n\n\n<h4 class=\"wp-block-heading\">C\u00f3mo administrar las cookies en los ordenadores:<\/h4>\n\n\n\n<p>Si quieres permitir el uso de cookies de nuestro site, por favor sigue las siguientes instrucciones.<\/p>\n\n\n\n<h4 class=\"wp-block-heading\">Google Chrome<\/h4>\n\n\n\n<p>l. Al abrir el navegador, pincha \u00abherramientas\u00bb en la parte superior y selecciona la pesta\u00f1a de \u00abopciones\u00bb.<\/p>\n\n\n\n<p>2. Dentro de opciones, pincha \u00abprivacidad\u00bb.<\/p>\n\n\n\n<p>3. Marca \u00abpermitir la administraci\u00f3n de cookies\u00bb.<\/p>\n\n\n\n<h4 class=\"wp-block-heading\">Microsoft Internet Explorer 6.0, 7.0, B.O, 9.0<\/h4>\n\n\n\n<p>l. Al abrir el navegador, pincha \u00abherramientas\u00bb en la parte superior y selecciona la pesta\u00f1a de \u00abopciones\u00bb.<\/p>\n\n\n\n<p>2. Revisa la pesta\u00f1a de \u00abPrivacidad\u00bb asegur\u00e1ndote est\u00e1 configurada con un nivel de seguridad medio o inferior.<\/p>\n\n\n\n<p>3. Si la configuraci\u00f3n de Internet no es media se estar\u00e1n bloqueando las cookies.<\/p>\n\n\n\n<h4 class=\"wp-block-heading\">Mozilla Firefox<\/h4>\n\n\n\n<p>l. Al abrir el navegador, pincha \u00abherramientas\u00bb en la parte superior y selecciona la pesta\u00f1a de \u00abopciones\u00bb.<\/p>\n\n\n\n<p>2. Selecciona el icono de Privacidad<\/p>\n\n\n\n<p>3. Pincha en cookies, y marca: \u00abpermitir la instalaci\u00f3n de cookies\u00bb.<\/p>\n\n\n\n<h4 class=\"wp-block-heading\">Safari<\/h4>\n\n\n\n<p>l. Al abrir el navegador, pincha \u00abherramientas\u00bb en la parte superior y selecciona la pesta\u00f1a de \u00abopciones\u00bb.<\/p>\n\n\n\n<p>2. Pincha en la pesta\u00f1a de \u00abSeguridad\u00bb y revisa si la opci\u00f3n \u00abBloquear el acceso de cookies de terceros\u201d est\u00e1 marcada o no.<\/p>\n\n\n\n<p>3. Pincha en \u00abguardar\u00bb.<\/p>\n\n\n\n<h4 class=\"wp-block-heading\">La instalaci\u00f3n de cookies en Mac<\/h4>\n\n\n\n<p>Si tienes un Mac y quieres permitir el acceso de nuestras cookies en tu ordenador, por favor sigue las siguientes instrucciones:&nbsp;<\/p>\n\n\n\n<h4 class=\"wp-block-heading\">Microsoft Internet Explorer 5.0 en OSX<\/h4>\n\n\n\n<p>l. Entra en \u00abExplorer\u00bb y selecciona \u00abPreferencias\u00bb en la barra de navegaci\u00f3n.<\/p>\n\n\n\n<p>2. Haz scroll hacia abajo hasta que veas \u00abCookies\u201d justo debajo de archivos recibidos.<\/p>\n\n\n\n<p>3. Marca \u00abNo volver a preguntar\u00bb.<\/p>\n\n\n\n<h4 class=\"wp-block-heading\">Safari en OSX<\/h4>\n\n\n\n<p>l. Entra en Safari y selecciona \u00abPreferencias\u00bb en la barra de navegaci\u00f3n.<\/p>\n\n\n\n<p>2. Pincha en la pesta\u00f1a de \u00abSeguridad\u00bb y marcae la opci\u00f3n \u00abaceptar cookies\u00bb<\/p>\n\n\n\n<p>3. Selecciona la opci\u00f3n: \u00abS\u00f3lo desde el site actual en que estoy navegando\u00bb<\/p>\n\n\n\n<h4 class=\"wp-block-heading\">Mozilla y Netscape en OSX<\/h4>\n\n\n\n<p>l. Entra en \u00abMozilla\u00bb o \u00abNetscape\u00bb y en la parte superior de tu navegador, marca la opci\u00f3n de \u00abPreferencias\u00bb<\/p>\n\n\n\n<p>2. Haz scroll hacia abajo hasta que veas \u00abCookies\u201d justo debajo de \u00abPrivacidad y Seguridad\u00bb.<\/p>\n\n\n\n<p>3. Marca la opci\u00f3n \u00abPermitir el acceso de cookies s\u00f3lo desde el site actual\u00bb<\/p>\n\n\n\n<h4 class=\"wp-block-heading\">Opera<\/h4>\n\n\n\n<p>l. Entra en \u00abOpera\u00bb y selecciona \u00abMenu\u00bb y \u00abAjustes\u00bb en la barra de navegaci\u00f3n.<\/p>\n\n\n\n<p>2. Selecciona \u00abPreferencias\u00bb y pincha en la pesta\u00f1a de \u00abAvanzado\u00bb.<\/p>\n\n\n\n<p>3. Marca la opci\u00f3n \u00abAceptar cookies\u00bb<\/p>\n","protected":false},"excerpt":{"rendered":"<p>En&nbsp;www.santommaso.es&nbsp;utilizamos cookies para facilitar el uso de nuestra p\u00e1gina web. Las cookies son peque\u00f1os ficheros de informaci\u00f3n que nos permiten comparar y entender c\u00f3mo nuestros usuarios navegan a trav\u00e9s de nuestra p\u00e1gina web, y de esta manera poder mejorar consecuentemente el proceso de navegaci\u00f3n. Las cookies que utilizamos no almacenan dato personal alguno, ni ning\u00fan [&hellip;]<\/p>\n","protected":false},"author":1,"featured_media":0,"parent":0,"menu_order":14,"comment_status":"closed","ping_status":"closed","template":"","meta":{"_acf_changed":false,"inline_featured_image":false,"footnotes":""},"class_list":["post-235","page","type-page","status-publish","hentry"],"acf":[],"_links":{"self":[{"href":"https:\/\/gruposantommaso.es\/san-tommaso\/wp-json\/wp\/v2\/pages\/235","targetHints":{"allow":["GET"]}}],"collection":[{"href":"https:\/\/gruposantommaso.es\/san-tommaso\/wp-json\/wp\/v2\/pages"}],"about":[{"href":"https:\/\/gruposantommaso.es\/san-tommaso\/wp-json\/wp\/v2\/types\/page"}],"author":[{"embeddable":true,"href":"https:\/\/gruposantommaso.es\/san-tommaso\/wp-json\/wp\/v2\/users\/1"}],"replies":[{"embeddable":true,"href":"https:\/\/gruposantommaso.es\/san-tommaso\/wp-json\/wp\/v2\/comments?post=235"}],"version-history":[{"count":0,"href":"https:\/\/gruposantommaso.es\/san-tommaso\/wp-json\/wp\/v2\/pages\/235\/revisions"}],"wp:attachment":[{"href":"https:\/\/gruposantommaso.es\/san-tommaso\/wp-json\/wp\/v2\/media?parent=235"}],"curies":[{"name":"wp","href":"https:\/\/api.w.org\/{rel}","templated":true}]}}